{"id":15,"date":"2018-06-27T19:23:32","date_gmt":"2018-06-27T18:23:32","guid":{"rendered":"http:\/\/lan.ba\/?page_id=15"},"modified":"2023-03-13T16:47:24","modified_gmt":"2023-03-13T15:47:24","slug":"o-nama","status":"publish","type":"page","link":"https:\/\/lan.ba\/udruzenjegradjanalan\/o-nama\/","title":{"rendered":"O nama"},"content":{"rendered":"<p>Udru\u017eenje \u201eLAN\u201c\u00a0 je nevladina, neprofitna, nestrana\u010dka, gra\u0111anska organizacija koja svoju djelatnost obavlja na na\u010delima nepristrasnosti, nezavisnosti, humanosti i dobrovoljnosti i koja \u0107e se kroz svoj rad i aktivnosti zalagati za demokratski razvoj bosanskohercegova\u010dkog dru\u0161tva, toleranciju, su\u017eivot i po\u0161tivanje ljudskih prava i gra\u0111anskih sloboda svih gra\u0111ana Bosne i Hercegovine.<\/p>\n<p>Sjedi\u0161te Udru\u017eenja je u Biha\u0107u, Harmani H 15 7\/6. Udru\u017eenje djeluje na teritoriji Unsko-sanskog\u00a0 kantona.<\/p>\n<p><strong>Osnovni ciljevi i djelatnost Udru\u017eenja su:<\/strong><\/p>\n<p>1) Razvoj demokratskih odnosa u svim sferama \u017eivota,<\/p>\n<p>2) Puna afirmacija na\u010dela humanosti i pravednosti u socijalnoj politici,<\/p>\n<p>3) Promocija, o\u010duvanje, za\u0161tita i unapre\u0111enje \u010dovjekove okoline,<\/p>\n<p>4) Aktivnosti na o\u010duvanju i njegovanju historijskog naslije\u0111a,<\/p>\n<p>5) Prikupljanje podataka, medijsko prezentiranje, te \u0161tampanje publikacija, novina, \u010dasopisa, knjiga, kataloga i drugih publikacija, s ciljem educiranja i informiranja gra\u0111ana,<\/p>\n<p>6) Promocija historijskih, prirodnih, kulturnih i ekonomskih potencijala i resursa kao duhovnih vrijednosti,<\/p>\n<p>7) Organiziranje savjetovanja, seminara, edukativnih kurseva, treninga, radionica, predavanja radi usavr\u0161avanja, te manifestacija kulturnog, sportskog i zabavnog karaktera,<\/p>\n<p>8) Afirmacija polo\u017eaja i statusa mladih,<\/p>\n<p>9) Podsticanje i osna\u017eivanje volonterskog humanitarnog rada,<\/p>\n<p>10) Pokretanje i podr\u0161ka procesu uspostavljanja zajedni\u010dkog \u017eivota, povjerenja i tolerancije me\u0111u gra\u0111anima, puna ravnopravnost gra\u0111ana u skladu sa me\u0111unarodnim i doma\u0107im pravnim propisima,<\/p>\n<p>11) Stvaranje uvjeta za evropske standarde kvalitetnog \u017eivota, rada i inkluzije,<\/p>\n<p>12) Razvijanje multinacionalnih, multireligijskih i multietni\u010dkih odnosa u skladu sa savremenim demokratskim standardima,<\/p>\n<p>13) Povezivanje i saradnja sa sli\u010dnim udru\u017eenjima i organizacijama u zemlji i svijetu,<\/p>\n<p>14) Podr\u0161ka i u\u010destvovanje u svim inicijativama koje su u saglasnosti sa ciljevima Udru\u017eenja.<\/p>\n<p><strong>RADI OSTVARIVANJA SVOJIH CILJEVA UDRU\u017dENJE LAN:<\/strong><\/p>\n<ul>\n<li>organizira samostalno ili u\u00a0 zajednici sa drugim organizacijama stru\u010dne skupove, savjetovanja, seminare i druge oblike edukacije u oblasti obrazovanja, ljudskih prava, komunikacije&#8230;<\/li>\n<li>objavljuje publikacije koje se bave pitanjima vezanim za sve oblasti edukacije<\/li>\n<li>obu\u010dava nastavnike i druge stru\u010dnjake za rad na edukaciji djece i omladine<\/li>\n<li>organizira edukaciju djece radi njihovog usmjeravanja ka zanimanjima i pomo\u0107 osobama s te\u0161ko\u0107ama u razvoju radi samozapo\u0161ljavanja<\/li>\n<li>sura\u0111uje sa \u0161kolama, stru\u010dnim udru\u017eenjima i drugim organizacijama u zemlji i inostranstvu.<\/li>\n<\/ul>\n<p><strong>Misija Udru\u017eenja \u201eLAN\u201c<\/strong> je da kroz otvoreno dru\u0161tvo bez obzira na spol, profesiju, nacionalnu, vjersku i teritorijalnu pripadnost doprinese ekonomskom, socijalnom, kulturnom i politi\u010dkom osna\u017eivanju u dru\u0161tvu. Neki od ciljeva Udru\u017eenja su afirmacija polo\u017eaja i statusa mladih, podsticanje i osna\u017eivanje volonterskog humanitarnog rada, pokretanje i podr\u0161ka procesu uspostavljanja zajedni\u010dkog \u017eivota, povjerenja i tolerancije me\u0111u gra\u0111anima, puna ravnopravnost gra\u0111ana u skladu sa me\u0111unarodnim i doma\u0107im pravnim propisima.<\/p>\n<p><strong>Vizija Udru\u017eenje \u201eLAN\u201c<\/strong> je doprinijeti stvaranju dru\u0161tva jednakih mogu\u0107nosti u Bosni i Hercegovini, razvoju demokratskih odnosa u svim sferama \u017eivota, te punoj afirmaciji na\u010dela humanosti i pravednosti.<\/p>\n","protected":false},"excerpt":{"rendered":"<p>Udru\u017eenje \u201eLAN\u201c\u00a0 je nevladina, neprofitna, nestrana\u010dka, gra\u0111anska organizacija koja svoju djelatnost obavlja na na\u010delima nepristrasnosti, nezavisnosti, humanosti i dobrovoljnosti i koja \u0107e se kroz svoj rad i aktivnosti zalagati za demokratski razvoj bosanskohercegova\u010dkog dru\u0161tva, toleranciju, su\u017eivot i po\u0161tivanje ljudskih prava i gra\u0111anskih sloboda svih gra\u0111ana Bosne i Hercegovine. Sjedi\u0161te Udru\u017eenja je u Biha\u0107u, Harmani H [&hellip;]<\/p>\n","protected":false},"author":1,"featured_media":7,"parent":0,"menu_order":0,"comment_status":"closed","ping_status":"closed","template":"","meta":{"footnotes":""},"class_list":["post-15","page","type-page","status-publish","has-post-thumbnail","czr-hentry"],"_links":{"self":[{"href":"https:\/\/lan.ba\/udruzenjegradjanalan\/wp-json\/wp\/v2\/pages\/15","targetHints":{"allow":["GET"]}}],"collection":[{"href":"https:\/\/lan.ba\/udruzenjegradjanalan\/wp-json\/wp\/v2\/pages"}],"about":[{"href":"https:\/\/lan.ba\/udruzenjegradjanalan\/wp-json\/wp\/v2\/types\/page"}],"author":[{"embeddable":true,"href":"https:\/\/lan.ba\/udruzenjegradjanalan\/wp-json\/wp\/v2\/users\/1"}],"replies":[{"embeddable":true,"href":"https:\/\/lan.ba\/udruzenjegradjanalan\/wp-json\/wp\/v2\/comments?post=15"}],"version-history":[{"count":9,"href":"https:\/\/lan.ba\/udruzenjegradjanalan\/wp-json\/wp\/v2\/pages\/15\/revisions"}],"predecessor-version":[{"id":6620,"href":"https:\/\/lan.ba\/udruzenjegradjanalan\/wp-json\/wp\/v2\/pages\/15\/revisions\/6620"}],"wp:featuredmedia":[{"embeddable":true,"href":"https:\/\/lan.ba\/udruzenjegradjanalan\/wp-json\/wp\/v2\/media\/7"}],"wp:attachment":[{"href":"https:\/\/lan.ba\/udruzenjegradjanalan\/wp-json\/wp\/v2\/media?parent=15"}],"curies":[{"name":"wp","href":"https:\/\/api.w.org\/{rel}","templated":true}]}}