{"id":19,"date":"2018-06-27T19:24:41","date_gmt":"2018-06-27T18:24:41","guid":{"rendered":"http:\/\/lan.ba\/?page_id=19"},"modified":"2025-09-01T15:32:34","modified_gmt":"2025-09-01T14:32:34","slug":"nas-tim","status":"publish","type":"page","link":"https:\/\/lan.ba\/udruzenjegradjanalan\/nas-tim\/","title":{"rendered":"Na\u0161 tim"},"content":{"rendered":"<p><span style=\"margin: 0px; color: #303030; font-family: 'Arial',sans-serif; font-size: 10pt;\">Izolda Osmanagi\u0107, magistrica didakti\u010dko-metodi\u010dkih nauka i doktor menad\u017ementa u obrazovanju sa dugogodi\u0161njim iskustvom u radu sa djecom i mladima. Certificirana trenerica za medijaciju. Bogato iskustvo u pripremi, realizaciji i provo\u0111enju projekata iz oblasti obrazovanja i socijalne politike. Iskustvo u radu sa odraslima.<\/span><\/p>\n<p><span style=\"margin: 0px; color: #303030; font-family: 'Arial',sans-serif; font-size: 10pt;\">Ne\u0111ara Rai\u010d, prof. jugoslavenskih jezika i knji\u017eenosti i sociologije. U roku karijere stekla veliko iskustvo vezano za obrazovne procese, u\u010destvovala u izradi priru\u010dnika za potrebe nastavnika, koautor ud\u017ebenika za osnovnu \u0161kolu.<\/span><\/p>\n<p><span style=\"margin: 0px; color: #303030; font-family: 'Arial',sans-serif; font-size: 10pt;\">Jasminka Bujanovi\u0107 <\/span><\/p>\n<p><span style=\"margin: 0px; color: #303030; font-family: 'Arial',sans-serif; font-size: 10pt;\">Alma Remi\u0107 <\/span><\/p>\n<p><span style=\"margin: 0px; color: #303030; font-family: 'Arial',sans-serif; font-size: 10pt;\">Tamara Malko\u010d <\/span><\/p>\n<p><span style=\"margin: 0px; color: #303030; font-family: 'Arial',sans-serif; font-size: 10pt;\">Elvisa \u0160umar<\/span><\/p>\n","protected":false},"excerpt":{"rendered":"<p>Izolda Osmanagi\u0107, magistrica didakti\u010dko-metodi\u010dkih nauka i doktor menad\u017ementa u obrazovanju sa dugogodi\u0161njim iskustvom u radu sa djecom i mladima. Certificirana trenerica za medijaciju. Bogato iskustvo u pripremi, realizaciji i provo\u0111enju projekata iz oblasti obrazovanja i socijalne politike. Iskustvo u radu sa odraslima. Ne\u0111ara Rai\u010d, prof. jugoslavenskih jezika i knji\u017eenosti i sociologije. U roku karijere stekla [&hellip;]<\/p>\n","protected":false},"author":1,"featured_media":0,"parent":0,"menu_order":0,"comment_status":"closed","ping_status":"closed","template":"","meta":{"footnotes":""},"class_list":["post-19","page","type-page","status-publish","czr-hentry"],"_links":{"self":[{"href":"https:\/\/lan.ba\/udruzenjegradjanalan\/wp-json\/wp\/v2\/pages\/19","targetHints":{"allow":["GET"]}}],"collection":[{"href":"https:\/\/lan.ba\/udruzenjegradjanalan\/wp-json\/wp\/v2\/pages"}],"about":[{"href":"https:\/\/lan.ba\/udruzenjegradjanalan\/wp-json\/wp\/v2\/types\/page"}],"author":[{"embeddable":true,"href":"https:\/\/lan.ba\/udruzenjegradjanalan\/wp-json\/wp\/v2\/users\/1"}],"replies":[{"embeddable":true,"href":"https:\/\/lan.ba\/udruzenjegradjanalan\/wp-json\/wp\/v2\/comments?post=19"}],"version-history":[{"count":6,"href":"https:\/\/lan.ba\/udruzenjegradjanalan\/wp-json\/wp\/v2\/pages\/19\/revisions"}],"predecessor-version":[{"id":9392,"href":"https:\/\/lan.ba\/udruzenjegradjanalan\/wp-json\/wp\/v2\/pages\/19\/revisions\/9392"}],"wp:attachment":[{"href":"https:\/\/lan.ba\/udruzenjegradjanalan\/wp-json\/wp\/v2\/media?parent=19"}],"curies":[{"name":"wp","href":"https:\/\/api.w.org\/{rel}","templated":true}]}}