{"id":21,"date":"2018-06-27T19:25:26","date_gmt":"2018-06-27T18:25:26","guid":{"rendered":"http:\/\/lan.ba\/?page_id=21"},"modified":"2023-10-04T14:43:14","modified_gmt":"2023-10-04T13:43:14","slug":"kontakt","status":"publish","type":"page","link":"https:\/\/lan.ba\/udruzenjegradjanalan\/kontakt\/","title":{"rendered":"Kontakt"},"content":{"rendered":"<p><strong>Udru\u017eenje Lan<\/strong><\/p>\n<p><strong>Krupska 22<br \/>\n<\/strong><\/p>\n<p><strong>77000 Biha\u0107<\/strong><\/p>\n<p><strong>Broj telefona 060 32 07 490<\/strong><\/p>\n<p><strong>e-mail udruzenja: <a href=\"mailto:udruzenje.lan@outlook.com\">udruzenje.lan@outlook.com<\/a><\/strong><\/p>\n<p><strong>e-mail \u010dlanice:\u00a0<a href=\"izolda.osmanagic@lan.ba\">izolda.osmanagic@lan.ba<\/a><\/strong><\/p>\n<p><strong>e-mail \u010dlanice: <a href=\"tamarabujanovic@hotmail.com\">tamarabujanovic@hotmail.com<\/a><\/strong><\/p>\n<p><strong>e-mail \u010dlanice: <a href=\"elvisa82@hotmail.com\">elvisa82@hotmail.com<\/a><br \/>\n<\/strong><\/p>\n<p><strong>e-mail \u010dlanice: <a href=\"mailto:jaca1212@hotmail.com\">jaca1212@hotmail.com<\/a><\/strong><\/p>\n<p><strong>Web:<a href=\"http:\/\/lan.ba\"> http:\/\/lan.ba<\/a><\/strong><\/p>\n<p><strong>FB profil: <a href=\"https:\/\/www.facebook.com\/udruzenjelan\">https:\/\/www.facebook.com\/udruzenjelan<\/a><br \/>\n<\/strong><\/p>\n<p><strong>Instagram:\u00a0<a href=\"https:\/\/www.instagram.com\/udruzenjelan\/\">https:\/\/www.instagram.com\/udruzenjelan\/<\/a><\/strong><\/p>\n<p><strong>Twitter: <a href=\"https:\/\/twitter.com\/LanUdruzenje\">https:\/\/twitter.com\/LanUdruzenje<\/a><\/strong><\/p>\n<p><strong>Linkedin: <a class=\"pv-contact-info__contact-link t-14 t-black t-normal\" href=\"https:\/\/www.linkedin.com\/in\/udru%C5%BEenje-lan-9b1581193?lipi=urn%3Ali%3Apage%3Ad_flagship3_profile_view_base_contact_details%3Be5NHOAzDRQm9mu%2FpF417uw%3D%3D\" data-ntt-old-href=\"https:\/\/www.linkedin.com\/in\/udru\u017eenje-lan-9b1581193\" data-artdeco-is-focused=\"true\">linkedin.com\/in\/udru\u017eenje-lan-9b1581193<\/a><\/strong><\/p>\n<p><strong>Youtube: <\/strong><a href=\"https:\/\/www.youtube.com\/channel\/UC3aGiPr7qGVXaAZcfDiGczA\"><strong>Udru\u017eenje Lan &#8211; YouTube<\/strong><\/a><\/p>\n","protected":false},"excerpt":{"rendered":"<p>Udru\u017eenje Lan Krupska 22 77000 Biha\u0107 Broj telefona 060 32 07 490 e-mail udruzenja: udruzenje.lan@outlook.com e-mail \u010dlanice:\u00a0izolda.osmanagic@lan.ba e-mail \u010dlanice: tamarabujanovic@hotmail.com e-mail \u010dlanice: elvisa82@hotmail.com e-mail \u010dlanice: jaca1212@hotmail.com Web: http:\/\/lan.ba FB profil: https:\/\/www.facebook.com\/udruzenjelan Instagram:\u00a0https:\/\/www.instagram.com\/udruzenjelan\/ Twitter: https:\/\/twitter.com\/LanUdruzenje Linkedin: linkedin.com\/in\/udru\u017eenje-lan-9b1581193 Youtube: Udru\u017eenje Lan &#8211; YouTube<\/p>\n","protected":false},"author":1,"featured_media":82,"parent":0,"menu_order":0,"comment_status":"closed","ping_status":"closed","template":"","meta":{"footnotes":""},"class_list":["post-21","page","type-page","status-publish","has-post-thumbnail","czr-hentry"],"_links":{"self":[{"href":"https:\/\/lan.ba\/udruzenjegradjanalan\/wp-json\/wp\/v2\/pages\/21","targetHints":{"allow":["GET"]}}],"collection":[{"href":"https:\/\/lan.ba\/udruzenjegradjanalan\/wp-json\/wp\/v2\/pages"}],"about":[{"href":"https:\/\/lan.ba\/udruzenjegradjanalan\/wp-json\/wp\/v2\/types\/page"}],"author":[{"embeddable":true,"href":"https:\/\/lan.ba\/udruzenjegradjanalan\/wp-json\/wp\/v2\/users\/1"}],"replies":[{"embeddable":true,"href":"https:\/\/lan.ba\/udruzenjegradjanalan\/wp-json\/wp\/v2\/comments?post=21"}],"version-history":[{"count":18,"href":"https:\/\/lan.ba\/udruzenjegradjanalan\/wp-json\/wp\/v2\/pages\/21\/revisions"}],"predecessor-version":[{"id":7205,"href":"https:\/\/lan.ba\/udruzenjegradjanalan\/wp-json\/wp\/v2\/pages\/21\/revisions\/7205"}],"wp:featuredmedia":[{"embeddable":true,"href":"https:\/\/lan.ba\/udruzenjegradjanalan\/wp-json\/wp\/v2\/media\/82"}],"wp:attachment":[{"href":"https:\/\/lan.ba\/udruzenjegradjanalan\/wp-json\/wp\/v2\/media?parent=21"}],"curies":[{"name":"wp","href":"https:\/\/api.w.org\/{rel}","templated":true}]}}